{"id":620,"date":"2022-12-26T11:36:12","date_gmt":"2022-12-26T11:36:12","guid":{"rendered":"http:\/\/heritage.gov.mk\/?page_id=620"},"modified":"2024-04-02T09:51:49","modified_gmt":"2024-04-02T09:51:49","slug":"%d0%b8%d0%bd%d1%82%d0%b5%d1%80%d0%bd%d0%b8-%d0%b0%d0%ba%d1%82%d0%b8","status":"publish","type":"page","link":"https:\/\/heritage.gov.mk\/al\/%d0%b8%d0%bd%d1%82%d0%b5%d1%80%d0%bd%d0%b8-%d0%b0%d0%ba%d1%82%d0%b8\/","title":{"rendered":"Akte t\u00eb brendshme"},"content":{"rendered":"<p>Statuti i institucionit <a href=\"http:\/\/heritage.gov.mk\/wp-content\/uploads\/2022\/12\/Statut-na-NU_NKC_-2015_SQ.pdf\" target=\"_blank\" rel=\"noopener\">SHIHNI<\/a><\/p>\n<h3>RREGULLA<\/h3>\n<ol>\n<li>Libri p\u00ebr p\u00ebrcaktimin e orarit t\u00eb orarit t\u00eb pun\u00ebs<\/li>\n<li>Libri p\u00ebr p\u00ebrmbajtjen e reklam\u00ebs s\u00eb brendshme<\/li>\n<li>Libri p\u00ebr kriteret m\u00eb t\u00eb ngushta p\u00ebr zbatimin e vler\u00ebsimit t\u00eb efektit t\u00eb ofruesve t\u00eb sh\u00ebrbimeve publike<\/li>\n<\/ol>\n","protected":false},"excerpt":{"rendered":"<p>Statuti i institucionit SHIHNI RREGULLA Libri p\u00ebr p\u00ebrcaktimin e orarit t\u00eb orarit t\u00eb pun\u00ebs Libri p\u00ebr p\u00ebrmbajtjen e reklam\u00ebs s\u00eb brendshme Libri p\u00ebr kriteret m\u00eb t\u00eb ngushta p\u00ebr zbatimin e vler\u00ebsimit t\u00eb efektit t\u00eb <a class=\"read-more-link\" href=\"https:\/\/heritage.gov.mk\/al\/%d0%b8%d0%bd%d1%82%d0%b5%d1%80%d0%bd%d0%b8-%d0%b0%d0%ba%d1%82%d0%b8\/\">Read More<\/a><\/p>\n","protected":false},"author":3,"featured_media":0,"parent":0,"menu_order":0,"comment_status":"closed","ping_status":"closed","template":"","meta":{"ngg_post_thumbnail":0,"footnotes":""},"class_list":["post-620","page","type-page","status-publish","hentry"],"translation":{"provider":"WPGlobus","version":"3.0.0","language":"al","enabled_languages":["mk","en","al"],"languages":{"mk":{"title":true,"content":true,"excerpt":false},"en":{"title":true,"content":true,"excerpt":false},"al":{"title":true,"content":true,"excerpt":false}}},"aioseo_notices":[],"_links":{"self":[{"href":"https:\/\/heritage.gov.mk\/al\/wp-json\/wp\/v2\/pages\/620"}],"collection":[{"href":"https:\/\/heritage.gov.mk\/al\/wp-json\/wp\/v2\/pages"}],"about":[{"href":"https:\/\/heritage.gov.mk\/al\/wp-json\/wp\/v2\/types\/page"}],"author":[{"embeddable":true,"href":"https:\/\/heritage.gov.mk\/al\/wp-json\/wp\/v2\/users\/3"}],"replies":[{"embeddable":true,"href":"https:\/\/heritage.gov.mk\/al\/wp-json\/wp\/v2\/comments?post=620"}],"version-history":[{"count":18,"href":"https:\/\/heritage.gov.mk\/al\/wp-json\/wp\/v2\/pages\/620\/revisions"}],"predecessor-version":[{"id":628,"href":"https:\/\/heritage.gov.mk\/al\/wp-json\/wp\/v2\/pages\/620\/revisions\/628"}],"wp:attachment":[{"href":"https:\/\/heritage.gov.mk\/al\/wp-json\/wp\/v2\/media?parent=620"}],"curies":[{"name":"wp","href":"https:\/\/api.w.org\/{rel}","templated":true}]}}