{"id":58,"date":"2019-04-02T09:09:54","date_gmt":"2019-04-02T09:09:54","guid":{"rendered":"http:\/\/heritage.gov.mk\/?page_id=58"},"modified":"2025-08-18T07:51:46","modified_gmt":"2025-08-18T07:51:46","slug":"organizacija","status":"publish","type":"page","link":"https:\/\/heritage.gov.mk\/al\/organizacija\/","title":{"rendered":"\u041eRGANIZIMI"},"content":{"rendered":"<p>\u041eRGANIZIMI<\/p>\n<ol>\n<li>SEKTORI P\u00cbR HULUMTUM DHE PROJEKTIM T\u00cb KONSERVIMIT T\u00cb TRASH\u00cbGIMIS\u00cb KULTURORE T\u00cb PALUAJTSHME<\/li>\n<\/ol>\n<p>1.1. Departamenti i trash\u00ebgimis\u00eb s\u00eb arkeologjis\u00eb<br \/>\n1.2. Departamenti i trash\u00ebgimis\u00eb s\u00eb nd\u00ebrtimtaris\u00eb<br \/>\n1.3. Departamenti i trash\u00ebgimis\u00eb artistike<br \/>\n1.4. Laboratori qendror fiziko-kimik<\/p>\n<p>1.5. Qendra informative dhe e dokumentacionit (qendra INDOK)<\/p>\n<p>1.5.1. Departamenti p\u00ebr dixhitalizimin, p\u00ebrpunimin, ruajtjen dhe p\u00ebrdorimin e dokumentacionit t\u00eb trash\u00ebgimis\u00eb kulturore<br \/>\n1.5.2. Biblioteka speciale<br \/>\n1.5.3. Laborator fotografik<br \/>\n1.5.4. Departamenti i botimit, bashk\u00ebpunimit nd\u00ebrkomb\u00ebtar dhe popullarizimit t\u00eb trash\u00ebgimis\u00eb kulturore<\/p>\n<p>&nbsp;<\/p>\n<ol start=\"2\">\n<li>SEKTORI I RUAJTJES DHE RESTAURIMIT<\/li>\n<\/ol>\n<p>2.1. Departamenti p\u00ebr ruajtjen e trash\u00ebgimis\u00eb artistike<\/p>\n<p>2.1.1. Atelie p\u00ebr piktur\u00eb n\u00eb mur dhe mozaik<br \/>\n2.1.2. Atelie p\u00ebr ikona<br \/>\n2.1.3. Atelie p\u00ebr piktur\u00eb kavaleti<br \/>\n2.1.4 Atelie p\u00ebr plastik\u00ebn drurit dhe gurit<\/p>\n<p>&nbsp;<\/p>\n<ol start=\"3\">\n<li>SEKTORI \u00c7\u00cbSHTJE JURIDIKE, FINANCIARE, ADMINISTRATIVE DHE PUN\u00cb T\u00cb P\u00cbRGJITHSHME<\/li>\n<\/ol>\n<p>3.1. DEPARTAMENTI P\u00cbR \u00c7\u00cbSHTJE JURIDIKE, FINANCIARE, ADMINISTRATIVE DHE PUN\u00cb T\u00cb P\u00cbRGJITHSHME<\/p>\n<p>3.1.1. Departamenti p\u00ebr \u00e7\u00ebshtje ligjore dhe administrative<br \/>\n3.1.2. Arkivi<\/p>\n<p>3.1.3. Punishtori p\u00ebr zdrukthtari<br \/>\n3.1.4. Departamenti i mir\u00ebmbajtjes dhe higjien\u00ebs<br \/>\n3.1.5. Departamenti p\u00ebr transport njer\u00ebzish dhe materialesh<br \/>\n3.1.6. Porta<\/p>\n<p>3.1.7. Sh\u00ebrbimi i rojes<\/p>\n<p>&nbsp;<\/p>\n<p>3.2. Departamenti p\u00ebr \u00e7\u00ebshtje ekonomike, financiare dhe t\u00eb kontabilitetit<\/p>\n<p>&nbsp;<\/p>\n<p>3.2.1. Departamenti i operacioneve financiare<br \/>\n3.2.2. Departamenti p\u00ebr llogaritjen e pagave dhe t\u00eb ardhurave t\u00eb tjera<\/p>\n<p><img loading=\"lazy\" decoding=\"async\" class=\"alignnone size-medium wp-image-905\" src=\"http:\/\/heritage.gov.mk\/wp-content\/uploads\/2024\/08\/OrganizaciskaShema_AL-300x212.png\" alt=\"\" width=\"300\" height=\"212\" srcset=\"https:\/\/heritage.gov.mk\/wp-content\/uploads\/2024\/08\/OrganizaciskaShema_AL-300x212.png 300w, https:\/\/heritage.gov.mk\/wp-content\/uploads\/2024\/08\/OrganizaciskaShema_AL-768x543.png 768w, https:\/\/heritage.gov.mk\/wp-content\/uploads\/2024\/08\/OrganizaciskaShema_AL-1024x724.png 1024w\" sizes=\"(max-width: 300px) 100vw, 300px\" \/><a href=\"http:\/\/heritage.gov.mk\/wp-content\/uploads\/2024\/08\/OrganizaciskaShema_AL.pdf\">DOWNLOAD PDF<\/a><\/p>\n","protected":false},"excerpt":{"rendered":"<p>\u041eRGANIZIMI SEKTORI P\u00cbR HULUMTUM DHE PROJEKTIM T\u00cb KONSERVIMIT T\u00cb TRASH\u00cbGIMIS\u00cb KULTURORE T\u00cb PALUAJTSHME 1.1. Departamenti i trash\u00ebgimis\u00eb s\u00eb arkeologjis\u00eb 1.2. Departamenti i trash\u00ebgimis\u00eb s\u00eb nd\u00ebrtimtaris\u00eb 1.3. Departamenti i trash\u00ebgimis\u00eb artistike 1.4. Laboratori qendror fiziko-kimik <a class=\"read-more-link\" href=\"https:\/\/heritage.gov.mk\/al\/organizacija\/\">Read More<\/a><\/p>\n","protected":false},"author":1,"featured_media":0,"parent":0,"menu_order":0,"comment_status":"closed","ping_status":"closed","template":"","meta":{"ngg_post_thumbnail":0,"footnotes":""},"class_list":["post-58","page","type-page","status-publish","hentry"],"translation":{"provider":"WPGlobus","version":"3.0.0","language":"al","enabled_languages":["mk","en","al"],"languages":{"mk":{"title":true,"content":true,"excerpt":false},"en":{"title":true,"content":true,"excerpt":false},"al":{"title":true,"content":true,"excerpt":false}}},"aioseo_notices":[],"_links":{"self":[{"href":"https:\/\/heritage.gov.mk\/al\/wp-json\/wp\/v2\/pages\/58"}],"collection":[{"href":"https:\/\/heritage.gov.mk\/al\/wp-json\/wp\/v2\/pages"}],"about":[{"href":"https:\/\/heritage.gov.mk\/al\/wp-json\/wp\/v2\/types\/page"}],"author":[{"embeddable":true,"href":"https:\/\/heritage.gov.mk\/al\/wp-json\/wp\/v2\/users\/1"}],"replies":[{"embeddable":true,"href":"https:\/\/heritage.gov.mk\/al\/wp-json\/wp\/v2\/comments?post=58"}],"version-history":[{"count":29,"href":"https:\/\/heritage.gov.mk\/al\/wp-json\/wp\/v2\/pages\/58\/revisions"}],"predecessor-version":[{"id":1610,"href":"https:\/\/heritage.gov.mk\/al\/wp-json\/wp\/v2\/pages\/58\/revisions\/1610"}],"wp:attachment":[{"href":"https:\/\/heritage.gov.mk\/al\/wp-json\/wp\/v2\/media?parent=58"}],"curies":[{"name":"wp","href":"https:\/\/api.w.org\/{rel}","templated":true}]}}