{"id":39,"date":"2019-04-02T08:08:10","date_gmt":"2019-04-02T08:08:10","guid":{"rendered":"http:\/\/heritage.gov.mk\/?page_id=39"},"modified":"2026-02-02T08:54:20","modified_gmt":"2026-02-02T08:54:20","slug":"kontakt","status":"publish","type":"page","link":"https:\/\/heritage.gov.mk\/al\/kontakt\/","title":{"rendered":"Kontakt"},"content":{"rendered":"\r\n<p>Republika e Maqedonis\u00eb s\u00eb Veriut<br>IN Qendra Nacionale p\u00ebr Konservim &#8211; Shkup<\/p>\r\n\r\n\r\n\r\n<p>Josif Mihajlovikj 7, 1000-Skopje, <br>P.O.Box 225, <br>tel. ++ 389 2 3227 240, fax: ++ 389 2 3227 240,<br>email: contact@heritage.gov.mk; <br>web: http:\/\/www.heritage.gov.mk,<\/p>\r\n<div class=\"tlid-input input\">\r\n<div class=\"source-wrap\">\r\n<div class=\"input-full-height-wrapper tlid-input-full-height-wrapper\">\r\n<div class=\"source-input\">\r\n<div id=\"spelling-correction\" class=\"tlid-spelling-correction spelling-correction gt-spell-correct-message\">&nbsp;<\/div>\r\n<\/div>\r\n<\/div>\r\n<\/div>\r\n<\/div>\r\n<div class=\"tlid-results-container results-container\">\r\n<div class=\"tlid-result result-dict-wrapper\">\r\n<div class=\"result tlid-copy-target\">\r\n<div class=\"text-wrap tlid-copy-target\">\r\n<div class=\"result-shield-container tlid-copy-target\" tabindex=\"0\"><span class=\"tlid-translation translation\" lang=\"sq\"><span title=\"\">Personat p\u00ebrgjegj\u00ebs p\u00ebr nd\u00ebrmjet\u00ebsim me informacione p\u00ebr k\u00ebrkesa informacioni me karakter publik n\u00eb Qendr\u00ebn Komb\u00ebtare t\u00eb Konservimit Shkup<\/span><\/span><\/div>\r\n<div class=\"result-shield-container tlid-copy-target\" tabindex=\"0\"><span class=\"tlid-translation translation\" lang=\"sq\"><span title=\"\">Irena Shumanova Perevska<\/span><\/span><\/div>\r\n<div class=\"result-shield-container tlid-copy-target\" tabindex=\"0\"><span class=\"tlid-translation translation\" lang=\"sq\"><span title=\"\">tel: ++ 389 02 3227 240;<\/span> <span class=\"\" title=\"\">faksi ++ 389 02 3227-240; <\/span><\/span><\/div>\r\n<div class=\"result-shield-container tlid-copy-target\" tabindex=\"0\"><span class=\"tlid-translation translation\" lang=\"sq\"><span class=\"\" title=\"\">email: contact@heritage.gov.mk<\/span><\/span><\/div>\r\n<\/div>\r\n<\/div>\r\n<\/div>\r\n<\/div>\r\n","protected":false},"excerpt":{"rendered":"<p>Republika e Maqedonis\u00eb s\u00eb VeriutIN Qendra Nacionale p\u00ebr Konservim &#8211; Shkup Josif Mihajlovikj 7, 1000-Skopje, P.O.Box 225, tel. ++ 389 2 3227 240, fax: ++ 389 2 3227 240,email: contact@heritage.gov.mk; web: http:\/\/www.heritage.gov.mk, &nbsp; Personat <a class=\"read-more-link\" href=\"https:\/\/heritage.gov.mk\/al\/kontakt\/\">Read More<\/a><\/p>\n","protected":false},"author":1,"featured_media":0,"parent":0,"menu_order":0,"comment_status":"closed","ping_status":"closed","template":"","meta":{"ngg_post_thumbnail":0,"footnotes":""},"class_list":["post-39","page","type-page","status-publish","hentry"],"translation":{"provider":"WPGlobus","version":"3.0.0","language":"al","enabled_languages":["mk","en","al"],"languages":{"mk":{"title":true,"content":true,"excerpt":false},"en":{"title":true,"content":true,"excerpt":false},"al":{"title":true,"content":true,"excerpt":false}}},"aioseo_notices":[],"_links":{"self":[{"href":"https:\/\/heritage.gov.mk\/al\/wp-json\/wp\/v2\/pages\/39"}],"collection":[{"href":"https:\/\/heritage.gov.mk\/al\/wp-json\/wp\/v2\/pages"}],"about":[{"href":"https:\/\/heritage.gov.mk\/al\/wp-json\/wp\/v2\/types\/page"}],"author":[{"embeddable":true,"href":"https:\/\/heritage.gov.mk\/al\/wp-json\/wp\/v2\/users\/1"}],"replies":[{"embeddable":true,"href":"https:\/\/heritage.gov.mk\/al\/wp-json\/wp\/v2\/comments?post=39"}],"version-history":[{"count":15,"href":"https:\/\/heritage.gov.mk\/al\/wp-json\/wp\/v2\/pages\/39\/revisions"}],"predecessor-version":[{"id":2300,"href":"https:\/\/heritage.gov.mk\/al\/wp-json\/wp\/v2\/pages\/39\/revisions\/2300"}],"wp:attachment":[{"href":"https:\/\/heritage.gov.mk\/al\/wp-json\/wp\/v2\/media?parent=39"}],"curies":[{"name":"wp","href":"https:\/\/api.w.org\/{rel}","templated":true}]}}