{"id":179,"date":"2019-04-04T07:07:21","date_gmt":"2019-04-04T07:07:21","guid":{"rendered":"http:\/\/heritage.gov.mk\/?page_id=179"},"modified":"2019-04-10T10:53:47","modified_gmt":"2019-04-10T10:53:47","slug":"linkovi","status":"publish","type":"page","link":"https:\/\/heritage.gov.mk\/al\/linkovi\/","title":{"rendered":"Lidhje"},"content":{"rendered":"<h4>Institucionet shtet\u00ebrore<\/h4>\n<p>President i Republik\u00ebs s\u00eb Maqedonis\u00eb Veriore<br \/>\n<a href=\"https:\/\/www.sobranie.mk\">Kuvendi i Republik\u00ebs s\u00eb Maqedonis\u00eb Veriore<\/a><br \/>\n<a href=\"https:\/\/vlada.mk\">Qeveria e Republik\u00ebs s\u00eb Maqedonis\u00eb Veriore<\/a><br \/>\n<a href=\"http:\/\/kultura.gov.mk\">Ministria e Kultur\u00ebs<\/a><br \/>\n<a href=\"http:\/\/www.mfa.gov.mk\/index.php?lang=en\">Ministria e Pun\u00ebve t\u00eb Jashtme<\/a><\/p>\n<h4><a href=\"http:\/\/kultura.gov.mk\/sq\/institucii\/\" target=\"_blank\" rel=\"noopener\"><strong>Veg\u00ebzat e t\u00eb gjitha institucioneve nacionale nga fusha e kultur\u00ebs<\/strong><\/a><\/h4>\n<p><a href=\"https:\/\/museum.org.mk\">Muzeu i Republik\u00ebs s\u00eb Maqedonis\u00eb Veriore<\/a><br \/>\n<a href=\"https:\/\/amm.org.mk\">Muzeu Arkeologjik i Republik\u00ebs s\u00eb Maqedonis\u00eb Veriore<\/a><\/p>\n","protected":false},"excerpt":{"rendered":"<p>Institucionet shtet\u00ebrore President i Republik\u00ebs s\u00eb Maqedonis\u00eb Veriore Kuvendi i Republik\u00ebs s\u00eb Maqedonis\u00eb Veriore Qeveria e Republik\u00ebs s\u00eb Maqedonis\u00eb Veriore Ministria e Kultur\u00ebs Ministria e Pun\u00ebve t\u00eb Jashtme Veg\u00ebzat e t\u00eb gjitha institucioneve nacionale <a class=\"read-more-link\" href=\"https:\/\/heritage.gov.mk\/al\/linkovi\/\">Read More<\/a><\/p>\n","protected":false},"author":1,"featured_media":0,"parent":0,"menu_order":0,"comment_status":"closed","ping_status":"closed","template":"","meta":{"ngg_post_thumbnail":0,"footnotes":""},"class_list":["post-179","page","type-page","status-publish","hentry"],"translation":{"provider":"WPGlobus","version":"3.0.0","language":"al","enabled_languages":["mk","en","al"],"languages":{"mk":{"title":true,"content":true,"excerpt":false},"en":{"title":true,"content":true,"excerpt":false},"al":{"title":true,"content":true,"excerpt":false}}},"aioseo_notices":[],"_links":{"self":[{"href":"https:\/\/heritage.gov.mk\/al\/wp-json\/wp\/v2\/pages\/179"}],"collection":[{"href":"https:\/\/heritage.gov.mk\/al\/wp-json\/wp\/v2\/pages"}],"about":[{"href":"https:\/\/heritage.gov.mk\/al\/wp-json\/wp\/v2\/types\/page"}],"author":[{"embeddable":true,"href":"https:\/\/heritage.gov.mk\/al\/wp-json\/wp\/v2\/users\/1"}],"replies":[{"embeddable":true,"href":"https:\/\/heritage.gov.mk\/al\/wp-json\/wp\/v2\/comments?post=179"}],"version-history":[{"count":13,"href":"https:\/\/heritage.gov.mk\/al\/wp-json\/wp\/v2\/pages\/179\/revisions"}],"predecessor-version":[{"id":246,"href":"https:\/\/heritage.gov.mk\/al\/wp-json\/wp\/v2\/pages\/179\/revisions\/246"}],"wp:attachment":[{"href":"https:\/\/heritage.gov.mk\/al\/wp-json\/wp\/v2\/media?parent=179"}],"curies":[{"name":"wp","href":"https:\/\/api.w.org\/{rel}","templated":true}]}}